{"id":337,"date":"2025-07-31T13:48:33","date_gmt":"2025-07-31T13:48:33","guid":{"rendered":"https:\/\/retta-dept-momgenes.apps.cloudapps.unc.edu\/?page_id=337"},"modified":"2025-10-15T17:42:09","modified_gmt":"2025-10-15T17:42:09","slug":"contact-us","status":"publish","type":"page","link":"https:\/\/momgenesfightppd.org\/es\/contact-us\/","title":{"rendered":"Cont\u00e1ctenos"},"content":{"rendered":"<div data-elementor-type=\"wp-page\" data-elementor-id=\"337\" class=\"elementor elementor-337\" data-elementor-post-type=\"page\">\n\t\t\t\t<div class=\"elementor-element elementor-element-3f243d6 e-flex e-con-boxed e-con e-parent\" data-id=\"3f243d6\" data-element_type=\"container\">\n\t\t\t\t\t<div class=\"e-con-inner\">\n\t\t\t\t<div class=\"elementor-element elementor-element-258dbf6 elementor--h-position-left homeslider elementor--v-position-middle elementor-arrows-position-inside elementor-widget elementor-widget-slides\" data-id=\"258dbf6\" data-element_type=\"widget\" data-settings=\"{&quot;navigation&quot;:&quot;arrows&quot;,&quot;autoplay&quot;:&quot;yes&quot;,&quot;pause_on_hover&quot;:&quot;yes&quot;,&quot;pause_on_interaction&quot;:&quot;yes&quot;,&quot;autoplay_speed&quot;:5000,&quot;infinite&quot;:&quot;yes&quot;,&quot;transition&quot;:&quot;slide&quot;,&quot;transition_speed&quot;:500,&quot;ekit_we_effect_on&quot;:&quot;none&quot;}\" data-widget_type=\"slides.default\">\n\t\t\t\t<div class=\"elementor-widget-container\">\n\t\t\t\t\t\t\t\t\t<div class=\"elementor-swiper\">\n\t\t\t\t\t<div class=\"elementor-slides-wrapper elementor-main-swiper swiper\" role=\"region\" aria-roledescription=\"carousel\" aria-label=\"Slides\" dir=\"ltr\" data-animation=\"fadeInUp\">\n\t\t\t\t<div class=\"swiper-wrapper elementor-slides\">\n\t\t\t\t\t\t\t\t\t\t<div class=\"elementor-repeater-item-d81ea8a swiper-slide\" role=\"group\" aria-roledescription=\"slide\"><div class=\"swiper-slide-bg\" role=\"img\" aria-label=\"about\"><\/div><div class=\"swiper-slide-inner\" ><div class=\"swiper-slide-contents\"><\/div><\/div><\/div>\t\t\t\t<\/div>\n\t\t\t\t\t\t\t<\/div>\n\t\t\t\t<\/div>\n\t\t\t\t\t\t\t\t<\/div>\n\t\t\t\t<\/div>\n\t\t\t\t\t<\/div>\n\t\t\t\t<\/div>\n\t\t<div class=\"elementor-element elementor-element-6d2823da e-con-full e-flex e-con e-parent\" data-id=\"6d2823da\" data-element_type=\"container\" data-settings=\"{&quot;background_background&quot;:&quot;classic&quot;}\">\n\t\t<div class=\"elementor-element elementor-element-3649279d e-con-full e-flex e-con e-child\" data-id=\"3649279d\" data-element_type=\"container\">\n\t\t<div class=\"elementor-element elementor-element-2b1b42b2 e-con-full e-flex e-con e-child\" data-id=\"2b1b42b2\" data-element_type=\"container\">\n\t\t\t\t<div class=\"elementor-element elementor-element-7e1dd468 elementor-widget__width-initial animated-fast elementor-invisible elementor-widget elementor-widget-elementskit-heading\" data-id=\"7e1dd468\" data-element_type=\"widget\" data-settings=\"{&quot;_animation&quot;:&quot;fadeIn&quot;,&quot;ekit_we_effect_on&quot;:&quot;none&quot;}\" data-widget_type=\"elementskit-heading.default\">\n\t\t\t\t<div class=\"elementor-widget-container\">\n\t\t\t\t\t<div class=\"ekit-wid-con\" ><div class=\"ekit-heading elementskit-section-title-wraper text_left   ekit_heading_tablet-   ekit_heading_mobile-\"><h2 class=\"ekit-heading--title elementskit-section-title\">P\u00f3ngase en contacto<\/h2>\t\t\t\t<div class='ekit-heading__description'>\n\t\t\t\t\t<p>\u00a1Nos encantar\u00eda saber de usted! Si tiene preguntas sobre nuestra investigaci\u00f3n, necesita ayuda o quiere saber m\u00e1s sobre c\u00f3mo participar en el estudio Mom Genes, estamos aqu\u00ed para ayudarle. No dude en ponerse en contacto con nosotros a trav\u00e9s de la siguiente informaci\u00f3n.<\/p>\n\t\t\t\t<\/div>\n\t\t\t<\/div><\/div>\t\t\t\t<\/div>\n\t\t\t\t<\/div>\n\t\t\t\t<div class=\"elementor-element elementor-element-284013b9 elementor-widget__width-initial animated-fast elementor-invisible elementor-widget elementor-widget-elementskit-heading\" data-id=\"284013b9\" data-element_type=\"widget\" data-settings=\"{&quot;_animation&quot;:&quot;fadeIn&quot;,&quot;ekit_we_effect_on&quot;:&quot;none&quot;}\" data-widget_type=\"elementskit-heading.default\">\n\t\t\t\t<div class=\"elementor-widget-container\">\n\t\t\t\t\t<div class=\"ekit-wid-con\" ><div class=\"ekit-heading elementskit-section-title-wraper text_left   ekit_heading_tablet-   ekit_heading_mobile-\">\t\t\t\t<div class='ekit-heading__description'>\n\t\t\t\t\t<p><strong>Correo electr\u00f3nico:<\/strong> <span style=\"text-decoration: underline\"><a href=\"mailto:momgenes@unc.edu\">momgenes@unc.edu<\/a><\/span><\/p>\n\t\t\t\t<\/div>\n\t\t\t<\/div><\/div>\t\t\t\t<\/div>\n\t\t\t\t<\/div>\n\t\t\t\t<\/div>\n\t\t<div class=\"elementor-element elementor-element-2587d8c9 e-con-full e-flex e-con e-child\" data-id=\"2587d8c9\" data-element_type=\"container\" data-settings=\"{&quot;background_background&quot;:&quot;classic&quot;}\">\n\t\t\t\t<div class=\"elementor-element elementor-element-5679bdbb elementor-widget__width-initial animated-fast elementor-invisible elementor-widget elementor-widget-elementskit-heading\" data-id=\"5679bdbb\" data-element_type=\"widget\" data-settings=\"{&quot;_animation&quot;:&quot;fadeIn&quot;,&quot;_animation_delay&quot;:200,&quot;ekit_we_effect_on&quot;:&quot;none&quot;}\" data-widget_type=\"elementskit-heading.default\">\n\t\t\t\t<div class=\"elementor-widget-container\">\n\t\t\t\t\t<div class=\"ekit-wid-con\" ><div class=\"ekit-heading elementskit-section-title-wraper text_left   ekit_heading_tablet-   ekit_heading_mobile-\"><h3 class=\"ekit-heading--title elementskit-section-title\">Cont\u00e1ctenos<\/h3><\/div><\/div>\t\t\t\t<\/div>\n\t\t\t\t<\/div>\n\t\t\t\t<div class=\"elementor-element elementor-element-e9fa605 elementor-button-align-stretch elementor-widget elementor-widget-form\" data-id=\"e9fa605\" data-element_type=\"widget\" data-settings=\"{&quot;step_next_label&quot;:&quot;Next&quot;,&quot;step_previous_label&quot;:&quot;Previous&quot;,&quot;button_width&quot;:&quot;100&quot;,&quot;step_type&quot;:&quot;number_text&quot;,&quot;step_icon_shape&quot;:&quot;circle&quot;,&quot;ekit_we_effect_on&quot;:&quot;none&quot;}\" data-widget_type=\"form.default\">\n\t\t\t\t<div class=\"elementor-widget-container\">\n\t\t\t\t\t\t\t<form class=\"elementor-form\" method=\"post\" name=\"New Form\" aria-label=\"New Form\" action=\"\">\n\t\t\t<input type=\"hidden\" name=\"post_id\" value=\"337\"\/>\n\t\t\t<input type=\"hidden\" name=\"form_id\" value=\"e9fa605\"\/>\n\t\t\t<input type=\"hidden\" name=\"referer_title\" value=\"Contact Us - MomGenes\" \/>\n\n\t\t\t\t\t\t\t<input type=\"hidden\" name=\"queried_id\" value=\"337\"\/>\n\t\t\t\n\t\t\t<div class=\"elementor-form-fields-wrapper elementor-labels-above\">\n\t\t\t\t\t\t\t\t<div class=\"elementor-field-type-text elementor-field-group elementor-column elementor-field-group-name elementor-col-100 elementor-field-required\">\n\t\t\t\t\t\t\t\t\t\t\t\t<label for=\"form-field-name\" class=\"elementor-field-label\">\n\t\t\t\t\t\t\t\tPrimer Nombre\t\t\t\t\t\t\t<\/label>\n\t\t\t\t\t\t\t\t\t\t\t\t\t\t<input size=\"1\" type=\"text\" name=\"form_fields[name]\" id=\"form-field-name\" class=\"elementor-field elementor-size-md  elementor-field-textual\" placeholder=\"Primer Nombre\" required=\"required\">\n\t\t\t\t\t\t\t\t\t\t\t<\/div>\n\t\t\t\t\t\t\t\t<div class=\"elementor-field-type-text elementor-field-group elementor-column elementor-field-group-field_4a04d36 elementor-col-100 elementor-field-required\">\n\t\t\t\t\t\t\t\t\t\t\t\t<label for=\"form-field-field_4a04d36\" class=\"elementor-field-label\">\n\t\t\t\t\t\t\t\tApellido\t\t\t\t\t\t\t<\/label>\n\t\t\t\t\t\t\t\t\t\t\t\t\t\t<input size=\"1\" type=\"text\" name=\"form_fields[field_4a04d36]\" id=\"form-field-field_4a04d36\" class=\"elementor-field elementor-size-md  elementor-field-textual\" placeholder=\"Apellido\" required=\"required\">\n\t\t\t\t\t\t\t\t\t\t\t<\/div>\n\t\t\t\t\t\t\t\t<div class=\"elementor-field-type-email elementor-field-group elementor-column elementor-field-group-email elementor-col-100 elementor-field-required\">\n\t\t\t\t\t\t\t\t\t\t\t\t<label for=\"form-field-email\" class=\"elementor-field-label\">\n\t\t\t\t\t\t\t\tCorreo Electr\u00f3nico\t\t\t\t\t\t\t<\/label>\n\t\t\t\t\t\t\t\t\t\t\t\t\t\t<input size=\"1\" type=\"email\" name=\"form_fields[email]\" id=\"form-field-email\" class=\"elementor-field elementor-size-md  elementor-field-textual\" placeholder=\"Correo Electr\u00f3nico\" required=\"required\">\n\t\t\t\t\t\t\t\t\t\t\t<\/div>\n\t\t\t\t\t\t\t\t<div class=\"elementor-field-type-textarea elementor-field-group elementor-column elementor-field-group-message elementor-col-100\">\n\t\t\t\t\t\t\t\t\t\t\t\t<label for=\"form-field-message\" class=\"elementor-field-label\">\n\t\t\t\t\t\t\t\t\u00bfC\u00f3mo podemos ayudar?\t\t\t\t\t\t\t<\/label>\n\t\t\t\t\t\t<textarea class=\"elementor-field-textual elementor-field  elementor-size-md\" name=\"form_fields[message]\" id=\"form-field-message\" rows=\"6\" placeholder=\"\u00bfC\u00f3mo podemos ayudar?\"><\/textarea>\t\t\t\t<\/div>\n\t\t\t\t\t\t\t\t<div class=\"elementor-field-type-recaptcha elementor-field-group elementor-column elementor-field-group-field_6fcd564 elementor-col-100\">\n\t\t\t\t\t<div class=\"elementor-field\" id=\"form-field-field_6fcd564\"><div class=\"elementor-g-recaptcha\" data-sitekey=\"6LcL0iMTAAAAAMp3kCfrXK4aUUmDx5JEbyCtRK4E\" data-type=\"v2_checkbox\" data-theme=\"light\" data-size=\"normal\"><\/div><\/div>\t\t\t\t<\/div>\n\t\t\t\t\t\t\t\t<div class=\"elementor-field-group elementor-column elementor-field-type-submit elementor-col-100 e-form__buttons\">\n\t\t\t\t\t<button class=\"elementor-button elementor-size-md\" type=\"submit\">\n\t\t\t\t\t\t<span class=\"elementor-button-content-wrapper\">\n\t\t\t\t\t\t\t\t\t\t\t\t\t\t\t\t\t\t\t\t\t\t<span class=\"elementor-button-text\">ENVIAR MENSAJE<\/span>\n\t\t\t\t\t\t\t\t\t\t\t\t\t<\/span>\n\t\t\t\t\t<\/button>\n\t\t\t\t<\/div>\n\t\t\t<\/div>\n\t\t<input type=\"hidden\" name=\"trp-form-language\" value=\"es\"\/><\/form>\n\t\t\t\t\t\t<\/div>\n\t\t\t\t<\/div>\n\t\t\t\t<\/div>\n\t\t\t\t<\/div>\n\t\t\t\t<\/div>\n\t\t\t\t<\/div>","protected":false},"excerpt":{"rendered":"<p>Get In Touch We\u2019d love to hear from you! Whether you have questions about our research, need assistance, or want to learn more about participating in the Mom Genes study, we\u2019re here to help. Please don\u2019t hesitate to reach out to us using the contact information below. Email: momgenes@unc.edu Contact Us<\/p>","protected":false},"author":1,"featured_media":0,"parent":0,"menu_order":0,"comment_status":"closed","ping_status":"closed","template":"elementor_header_footer","meta":{"inline_featured_image":false,"footnotes":""},"class_list":["post-337","page","type-page","status-publish","hentry"],"yoast_head":"<!-- This site is optimized with the Yoast SEO plugin v26.1 - https:\/\/yoast.com\/wordpress\/plugins\/seo\/ -->\n<title>Contact Us - MomGenes<\/title>\n<meta name=\"robots\" content=\"index, follow, max-snippet:-1, max-image-preview:large, max-video-preview:-1\" \/>\n<link rel=\"canonical\" href=\"https:\/\/momgenesfightppd.org\/es\/contact-us\/\" \/>\n<meta property=\"og:locale\" content=\"es_ES\" \/>\n<meta property=\"og:type\" content=\"article\" \/>\n<meta property=\"og:title\" content=\"Contact Us - MomGenes\" \/>\n<meta property=\"og:description\" content=\"Get In Touch We\u2019d love to hear from you! Whether you have questions about our research, need assistance, or want to learn more about participating in the Mom Genes study, we\u2019re here to help. Please don\u2019t hesitate to reach out to us using the contact information below. Email: momgenes@unc.edu Contact Us\" \/>\n<meta property=\"og:url\" content=\"https:\/\/momgenesfightppd.org\/es\/contact-us\/\" \/>\n<meta property=\"og:site_name\" content=\"MomGenes\" \/>\n<meta property=\"article:modified_time\" content=\"2025-10-15T17:42:09+00:00\" \/>\n<meta property=\"og:image\" content=\"https:\/\/momgenesfightppd.org\/wp-content\/uploads\/2025\/09\/mom.jpg\" \/>\n\t<meta property=\"og:image:width\" content=\"1200\" \/>\n\t<meta property=\"og:image:height\" content=\"630\" \/>\n\t<meta property=\"og:image:type\" content=\"image\/jpeg\" \/>\n<meta name=\"twitter:card\" content=\"summary_large_image\" \/>\n<meta name=\"twitter:label1\" content=\"Est. reading time\" \/>\n\t<meta name=\"twitter:data1\" content=\"1 minuto\" \/>\n<script type=\"application\/ld+json\" class=\"yoast-schema-graph\">{\"@context\":\"https:\/\/schema.org\",\"@graph\":[{\"@type\":\"WebPage\",\"@id\":\"https:\/\/momgenesfightppd.org\/contact-us\/\",\"url\":\"https:\/\/momgenesfightppd.org\/contact-us\/\",\"name\":\"Contact Us - MomGenes\",\"isPartOf\":{\"@id\":\"https:\/\/momgenesfightppd.org\/#website\"},\"datePublished\":\"2025-07-31T13:48:33+00:00\",\"dateModified\":\"2025-10-15T17:42:09+00:00\",\"breadcrumb\":{\"@id\":\"https:\/\/momgenesfightppd.org\/contact-us\/#breadcrumb\"},\"inLanguage\":\"es\",\"potentialAction\":[{\"@type\":\"ReadAction\",\"target\":[\"https:\/\/momgenesfightppd.org\/contact-us\/\"]}]},{\"@type\":\"BreadcrumbList\",\"@id\":\"https:\/\/momgenesfightppd.org\/contact-us\/#breadcrumb\",\"itemListElement\":[{\"@type\":\"ListItem\",\"position\":1,\"name\":\"Home\",\"item\":\"https:\/\/momgenesfightppd.org\/\"},{\"@type\":\"ListItem\",\"position\":2,\"name\":\"Contact Us\"}]},{\"@type\":\"WebSite\",\"@id\":\"https:\/\/momgenesfightppd.org\/#website\",\"url\":\"https:\/\/momgenesfightppd.org\/\",\"name\":\"MomGenes\",\"description\":\"\",\"publisher\":{\"@id\":\"https:\/\/momgenesfightppd.org\/#organization\"},\"potentialAction\":[{\"@type\":\"SearchAction\",\"target\":{\"@type\":\"EntryPoint\",\"urlTemplate\":\"https:\/\/momgenesfightppd.org\/?s={search_term_string}\"},\"query-input\":{\"@type\":\"PropertyValueSpecification\",\"valueRequired\":true,\"valueName\":\"search_term_string\"}}],\"inLanguage\":\"es\"},{\"@type\":\"Organization\",\"@id\":\"https:\/\/momgenesfightppd.org\/#organization\",\"name\":\"MomGenes\",\"url\":\"https:\/\/momgenesfightppd.org\/\",\"logo\":{\"@type\":\"ImageObject\",\"inLanguage\":\"es\",\"@id\":\"https:\/\/momgenesfightppd.org\/#\/schema\/logo\/image\/\",\"url\":\"https:\/\/momgenesfightppd.org\/wp-content\/uploads\/2025\/07\/logo.png\",\"contentUrl\":\"https:\/\/momgenesfightppd.org\/wp-content\/uploads\/2025\/07\/logo.png\",\"width\":271,\"height\":123,\"caption\":\"MomGenes\"},\"image\":{\"@id\":\"https:\/\/momgenesfightppd.org\/#\/schema\/logo\/image\/\"}}]}<\/script>\n<!-- \/ Yoast SEO plugin. -->","yoast_head_json":{"title":"Contact Us - MomGenes","robots":{"index":"index","follow":"follow","max-snippet":"max-snippet:-1","max-image-preview":"max-image-preview:large","max-video-preview":"max-video-preview:-1"},"canonical":"https:\/\/momgenesfightppd.org\/es\/contact-us\/","og_locale":"es_ES","og_type":"article","og_title":"Contact Us - MomGenes","og_description":"Get In Touch We\u2019d love to hear from you! Whether you have questions about our research, need assistance, or want to learn more about participating in the Mom Genes study, we\u2019re here to help. Please don\u2019t hesitate to reach out to us using the contact information below. Email: momgenes@unc.edu Contact Us","og_url":"https:\/\/momgenesfightppd.org\/es\/contact-us\/","og_site_name":"MomGenes","article_modified_time":"2025-10-15T17:42:09+00:00","og_image":[{"width":1200,"height":630,"url":"https:\/\/momgenesfightppd.org\/wp-content\/uploads\/2025\/09\/mom.jpg","type":"image\/jpeg"}],"twitter_card":"summary_large_image","twitter_misc":{"Est. reading time":"1 minuto"},"schema":{"@context":"https:\/\/schema.org","@graph":[{"@type":"WebPage","@id":"https:\/\/momgenesfightppd.org\/contact-us\/","url":"https:\/\/momgenesfightppd.org\/contact-us\/","name":"Contact Us - MomGenes","isPartOf":{"@id":"https:\/\/momgenesfightppd.org\/#website"},"datePublished":"2025-07-31T13:48:33+00:00","dateModified":"2025-10-15T17:42:09+00:00","breadcrumb":{"@id":"https:\/\/momgenesfightppd.org\/contact-us\/#breadcrumb"},"inLanguage":"es","potentialAction":[{"@type":"ReadAction","target":["https:\/\/momgenesfightppd.org\/contact-us\/"]}]},{"@type":"BreadcrumbList","@id":"https:\/\/momgenesfightppd.org\/contact-us\/#breadcrumb","itemListElement":[{"@type":"ListItem","position":1,"name":"Home","item":"https:\/\/momgenesfightppd.org\/"},{"@type":"ListItem","position":2,"name":"Contact Us"}]},{"@type":"WebSite","@id":"https:\/\/momgenesfightppd.org\/#website","url":"https:\/\/momgenesfightppd.org\/","name":"MomGenes","description":"","publisher":{"@id":"https:\/\/momgenesfightppd.org\/#organization"},"potentialAction":[{"@type":"SearchAction","target":{"@type":"EntryPoint","urlTemplate":"https:\/\/momgenesfightppd.org\/?s={search_term_string}"},"query-input":{"@type":"PropertyValueSpecification","valueRequired":true,"valueName":"search_term_string"}}],"inLanguage":"es"},{"@type":"Organization","@id":"https:\/\/momgenesfightppd.org\/#organization","name":"MomGenes","url":"https:\/\/momgenesfightppd.org\/","logo":{"@type":"ImageObject","inLanguage":"es","@id":"https:\/\/momgenesfightppd.org\/#\/schema\/logo\/image\/","url":"https:\/\/momgenesfightppd.org\/wp-content\/uploads\/2025\/07\/logo.png","contentUrl":"https:\/\/momgenesfightppd.org\/wp-content\/uploads\/2025\/07\/logo.png","width":271,"height":123,"caption":"MomGenes"},"image":{"@id":"https:\/\/momgenesfightppd.org\/#\/schema\/logo\/image\/"}}]}},"_links":{"self":[{"href":"https:\/\/momgenesfightppd.org\/es\/wp-json\/wp\/v2\/pages\/337","targetHints":{"allow":["GET"]}}],"collection":[{"href":"https:\/\/momgenesfightppd.org\/es\/wp-json\/wp\/v2\/pages"}],"about":[{"href":"https:\/\/momgenesfightppd.org\/es\/wp-json\/wp\/v2\/types\/page"}],"author":[{"embeddable":true,"href":"https:\/\/momgenesfightppd.org\/es\/wp-json\/wp\/v2\/users\/1"}],"replies":[{"embeddable":true,"href":"https:\/\/momgenesfightppd.org\/es\/wp-json\/wp\/v2\/comments?post=337"}],"version-history":[{"count":38,"href":"https:\/\/momgenesfightppd.org\/es\/wp-json\/wp\/v2\/pages\/337\/revisions"}],"predecessor-version":[{"id":685,"href":"https:\/\/momgenesfightppd.org\/es\/wp-json\/wp\/v2\/pages\/337\/revisions\/685"}],"wp:attachment":[{"href":"https:\/\/momgenesfightppd.org\/es\/wp-json\/wp\/v2\/media?parent=337"}],"curies":[{"name":"wp","href":"https:\/\/api.w.org\/{rel}","templated":true}]}}